{"id":7878,"date":"2024-07-29T12:37:23","date_gmt":"2024-07-29T10:37:23","guid":{"rendered":"https:\/\/afaandujar.org\/alzheimerdeandujar\/?page_id=7878"},"modified":"2025-01-20T11:24:48","modified_gmt":"2025-01-20T10:24:48","slug":"talleres-para-personas-cuidadoras","status":"publish","type":"page","link":"https:\/\/afaandujar.org\/alzheimerdeandujar\/talleres-para-personas-cuidadoras\/","title":{"rendered":"Talleres para personas cuidadoras"},"content":{"rendered":"<style>.kadence-column7878_ebbd4a-82 > .kt-inside-inner-col,.kadence-column7878_ebbd4a-82 > .kt-inside-inner-col:before{border-top-left-radius:0px;border-top-right-radius:0px;border-bottom-right-radius:0px;border-bottom-left-radius:0px;}.kadence-column7878_ebbd4a-82 > .kt-inside-inner-col{column-gap:var(--global-kb-gap-sm, 1rem);}.kadence-column7878_ebbd4a-82 > .kt-inside-inner-col{flex-direction:column;}.kadence-column7878_ebbd4a-82 > .kt-inside-inner-col > .aligncenter{width:100%;}.kadence-column7878_ebbd4a-82 > .kt-inside-inner-col:before{opacity:0.3;}.kadence-column7878_ebbd4a-82{position:relative;}@media all and (max-width: 1024px){.kadence-column7878_ebbd4a-82 > .kt-inside-inner-col{flex-direction:column;justify-content:center;}}@media all and (max-width: 767px){.kadence-column7878_ebbd4a-82 > .kt-inside-inner-col{flex-direction:column;justify-content:center;}}<\/style>\n<div class=\"wp-block-kadence-column kadence-column7878_ebbd4a-82\"><div class=\"kt-inside-inner-col\"><style>.kb-row-layout-id7878_1a16ae-42 > .kt-row-column-wrap{align-content:start;}:where(.kb-row-layout-id7878_1a16ae-42 > .kt-row-column-wrap) > .wp-block-kadence-column{justify-content:start;}.kb-row-layout-id7878_1a16ae-42 > .kt-row-column-wrap{column-gap:var(--global-kb-gap-sm, 1rem);row-gap:var(--global-kb-gap-sm, 1rem);max-width:var( --global-content-width, 1290px );padding-left:var(--global-content-edge-padding);padding-right:var(--global-content-edge-padding);padding-bottom:var(--global-kb-spacing-lg, 3rem);grid-template-columns:minmax(0, calc(60% - ((var(--global-kb-gap-sm, 1rem) * 1 )\/2)))minmax(0, calc(40% - ((var(--global-kb-gap-sm, 1rem) * 1 )\/2)));}.kb-row-layout-id7878_1a16ae-42 > .kt-row-layout-overlay{opacity:0.30;}@media all and (max-width: 1024px){.kb-row-layout-id7878_1a16ae-42 > .kt-row-column-wrap{grid-template-columns:repeat(2, minmax(0, 1fr));}}@media all and (max-width: 767px){.kb-row-layout-id7878_1a16ae-42 > .kt-row-column-wrap{grid-template-columns:minmax(0, 1fr);}}<\/style><div class=\"kb-row-layout-wrap kb-row-layout-id7878_1a16ae-42 alignfull has-theme-palette9-background-color kt-row-has-bg wp-block-kadence-rowlayout\"><div class=\"kt-row-column-wrap kt-has-2-columns kt-row-layout-equal kt-tab-layout-inherit kt-mobile-layout-row kt-row-valign-top kt-inner-column-height-full kb-theme-content-width\">\n<style>.kadence-column7878_548c96-8b > .kt-inside-inner-col{display:flex;}.kadence-column7878_548c96-8b > .kt-inside-inner-col,.kadence-column7878_548c96-8b > .kt-inside-inner-col:before{border-top-left-radius:0px;border-top-right-radius:0px;border-bottom-right-radius:0px;border-bottom-left-radius:0px;}.kadence-column7878_548c96-8b > .kt-inside-inner-col{row-gap:var(--global-kb-gap-sm, 1rem);column-gap:var(--global-kb-gap-sm, 1rem);}.kadence-column7878_548c96-8b > .kt-inside-inner-col{flex-direction:column;}.kadence-column7878_548c96-8b > .kt-inside-inner-col > .aligncenter{width:100%;}.kadence-column7878_548c96-8b > .kt-inside-inner-col:before{opacity:0.3;}.kadence-column7878_548c96-8b{position:relative;}@media all and (max-width: 1024px){.kadence-column7878_548c96-8b > .kt-inside-inner-col{flex-direction:column;justify-content:center;}}@media all and (max-width: 767px){.kadence-column7878_548c96-8b > .kt-inside-inner-col{flex-direction:column;justify-content:center;}}<\/style>\n<div class=\"wp-block-kadence-column kadence-column7878_548c96-8b\"><div class=\"kt-inside-inner-col\"><style>.kadence-column7878_ccc15d-53 > .kt-inside-inner-col{display:flex;}.kadence-column7878_ccc15d-53 > .kt-inside-inner-col{padding-top:var(--global-kb-spacing-sm, 1.5rem);padding-right:var(--global-kb-spacing-sm, 1.5rem);padding-bottom:var(--global-kb-spacing-sm, 1.5rem);padding-left:var(--global-kb-spacing-sm, 1.5rem);}.kadence-column7878_ccc15d-53 > .kt-inside-inner-col{min-height:320px;}.kadence-column7878_ccc15d-53 > .kt-inside-inner-col,.kadence-column7878_ccc15d-53 > .kt-inside-inner-col:before{border-top-left-radius:15px;border-top-right-radius:15px;border-bottom-right-radius:15px;border-bottom-left-radius:15px;}.kadence-column7878_ccc15d-53 > .kt-inside-inner-col{column-gap:var(--global-kb-gap-sm, 1rem);}.kadence-column7878_ccc15d-53 > .kt-inside-inner-col{flex-direction:column;justify-content:center;}.kadence-column7878_ccc15d-53 > .kt-inside-inner-col > .aligncenter{width:100%;}.kt-row-column-wrap > .kadence-column7878_ccc15d-53{align-self:center;}.kt-inner-column-height-full:not(.kt-has-1-columns) > .wp-block-kadence-column.kadence-column7878_ccc15d-53{align-self:auto;}.kt-inner-column-height-full:not(.kt-has-1-columns) > .wp-block-kadence-column.kadence-column7878_ccc15d-53 > .kt-inside-inner-col{flex-direction:column;justify-content:center;}.kadence-column7878_ccc15d-53 > .kt-inside-inner-col{background-color:var(--global-palette8, #F7FAFC);}.kadence-column7878_ccc15d-53 > .kt-inside-inner-col:before{opacity:0.3;}.kadence-column7878_ccc15d-53{position:relative;}@media all and (max-width: 1024px){.kt-row-column-wrap > .kadence-column7878_ccc15d-53{align-self:center;}}@media all and (max-width: 1024px){.kt-inner-column-height-full:not(.kt-has-1-columns) > .wp-block-kadence-column.kadence-column7878_ccc15d-53{align-self:auto;}}@media all and (max-width: 1024px){.kt-inner-column-height-full:not(.kt-has-1-columns) > .wp-block-kadence-column.kadence-column7878_ccc15d-53 > .kt-inside-inner-col{flex-direction:column;justify-content:center;}}@media all and (max-width: 1024px){.kadence-column7878_ccc15d-53 > .kt-inside-inner-col{flex-direction:column;justify-content:center;}}@media all and (max-width: 767px){.kadence-column7878_ccc15d-53 > .kt-inside-inner-col{min-height:100px;flex-direction:column;justify-content:center;}.kt-row-column-wrap > .kadence-column7878_ccc15d-53{align-self:center;}.kt-inner-column-height-full:not(.kt-has-1-columns) > .wp-block-kadence-column.kadence-column7878_ccc15d-53{align-self:auto;}.kt-inner-column-height-full:not(.kt-has-1-columns) > .wp-block-kadence-column.kadence-column7878_ccc15d-53 > .kt-inside-inner-col{flex-direction:column;justify-content:center;}}<\/style>\n<div class=\"wp-block-kadence-column kadence-column7878_ccc15d-53\"><div class=\"kt-inside-inner-col\"><style>.wp-block-kadence-advancedheading.kt-adv-heading7878_0379e0-c1, .wp-block-kadence-advancedheading.kt-adv-heading7878_0379e0-c1[data-kb-block=\"kb-adv-heading7878_0379e0-c1\"]{margin-top:0px;margin-bottom:var(--global-kb-spacing-xs, 1rem);font-size:var(--global-kb-font-size-xl, 3rem);line-height:1.2;font-style:normal;}.wp-block-kadence-advancedheading.kt-adv-heading7878_0379e0-c1 mark.kt-highlight, .wp-block-kadence-advancedheading.kt-adv-heading7878_0379e0-c1[data-kb-block=\"kb-adv-heading7878_0379e0-c1\"] mark.kt-highlight{font-style:normal;color:#f76a0c;-webkit-box-decoration-break:clone;box-decoration-break:clone;padding-top:0px;padding-right:0px;padding-bottom:0px;padding-left:0px;}.wp-block-kadence-advancedheading.kt-adv-heading7878_0379e0-c1 img.kb-inline-image, .wp-block-kadence-advancedheading.kt-adv-heading7878_0379e0-c1[data-kb-block=\"kb-adv-heading7878_0379e0-c1\"] img.kb-inline-image{width:150px;vertical-align:baseline;}@media all and (max-width: 1024px){.wp-block-kadence-advancedheading.kt-adv-heading7878_0379e0-c1, .wp-block-kadence-advancedheading.kt-adv-heading7878_0379e0-c1[data-kb-block=\"kb-adv-heading7878_0379e0-c1\"]{font-size:var(--global-kb-font-size-xl, 3rem);text-align:left!important;}}<\/style>\n<h2 class=\"kt-adv-heading7878_0379e0-c1 wp-block-kadence-advancedheading\" data-kb-block=\"kb-adv-heading7878_0379e0-c1\"><\/h2>\n\n\n<style>.wp-block-kadence-advancedheading.kt-adv-heading7878_f66cee-ac, .wp-block-kadence-advancedheading.kt-adv-heading7878_f66cee-ac[data-kb-block=\"kb-adv-heading7878_f66cee-ac\"]{font-style:normal;}.wp-block-kadence-advancedheading.kt-adv-heading7878_f66cee-ac mark.kt-highlight, .wp-block-kadence-advancedheading.kt-adv-heading7878_f66cee-ac[data-kb-block=\"kb-adv-heading7878_f66cee-ac\"] mark.kt-highlight{font-style:normal;color:#f76a0c;-webkit-box-decoration-break:clone;box-decoration-break:clone;padding-top:0px;padding-right:0px;padding-bottom:0px;padding-left:0px;}.wp-block-kadence-advancedheading.kt-adv-heading7878_f66cee-ac img.kb-inline-image, .wp-block-kadence-advancedheading.kt-adv-heading7878_f66cee-ac[data-kb-block=\"kb-adv-heading7878_f66cee-ac\"] img.kb-inline-image{width:150px;vertical-align:baseline;}@media all and (max-width: 1024px){.wp-block-kadence-advancedheading.kt-adv-heading7878_f66cee-ac, .wp-block-kadence-advancedheading.kt-adv-heading7878_f66cee-ac[data-kb-block=\"kb-adv-heading7878_f66cee-ac\"]{text-align:left!important;}}<\/style>\n<p class=\"kt-adv-heading7878_f66cee-ac wp-block-kadence-advancedheading has-theme-palette-4-color has-text-color\" data-kb-block=\"kb-adv-heading7878_f66cee-ac\">Es una iniciativa propuesta para aquellas personas cuidadoras que se hacen cargo de la atenci\u00f3n y cuidado de su familiar, con el fin de desarrollar habilidades para el mejor cuidado y capacidades para afrontar estas situaciones cotidianas que conlleva convivir y cuidar de una persona con la enfermedad de Alzheimer, as\u00ed como comprender los problemas f\u00edsicos y emocionales que estas situaciones generan.<\/p>\n\n\n\n<p>Se centra en proporcionar informaci\u00f3n sobre los diferentes tipos de cuidados para las personas que padecen Alzheimer, su progresi\u00f3n y s\u00edntomas asociados, tanto f\u00edsicos, como psicol\u00f3gicos, como sociales, tanto para ellos como para sus familias. <\/p>\n\n\n\n<p>Se brindan estrategias pr\u00e1cticas para el cuidado de las personas usuarias y sus familiares, incluyendo la comunicaci\u00f3n afectiva, la gesti\u00f3n del comportamiento y la creaci\u00f3n de un entorno seguro.<\/p>\n<\/div><\/div>\n\n\n<style>.kadence-column7878_366bc6-a9 > .kt-inside-inner-col{display:flex;}.kadence-column7878_366bc6-a9 > .kt-inside-inner-col,.kadence-column7878_366bc6-a9 > .kt-inside-inner-col:before{border-top-left-radius:0px;border-top-right-radius:0px;border-bottom-right-radius:0px;border-bottom-left-radius:0px;}.kadence-column7878_366bc6-a9 > .kt-inside-inner-col{column-gap:var(--global-kb-gap-sm, 1rem);}.kadence-column7878_366bc6-a9 > .kt-inside-inner-col{flex-direction:row;flex-wrap:wrap;align-items:stretch;}.kadence-column7878_366bc6-a9 > .kt-inside-inner-col > *, .kadence-column7878_366bc6-a9 > .kt-inside-inner-col > figure.wp-block-image, .kadence-column7878_366bc6-a9 > .kt-inside-inner-col > figure.wp-block-kadence-image{margin-top:0px;margin-bottom:0px;}.kadence-column7878_366bc6-a9 > .kt-inside-inner-col > .kb-image-is-ratio-size{flex-grow:1;}.kt-row-column-wrap > .kadence-column7878_366bc6-a9{align-self:center;}.kt-inner-column-height-full:not(.kt-has-1-columns) > .wp-block-kadence-column.kadence-column7878_366bc6-a9{align-self:auto;}.kt-inner-column-height-full:not(.kt-has-1-columns) > .wp-block-kadence-column.kadence-column7878_366bc6-a9 > .kt-inside-inner-col{align-items:center;}.kadence-column7878_366bc6-a9 > .kt-inside-inner-col:before{opacity:0.3;}.kadence-column7878_366bc6-a9{position:relative;}@media all and (max-width: 1024px){.kadence-column7878_366bc6-a9 > .kt-inside-inner-col{row-gap:var(--global-kb-gap-sm, 1rem);flex-direction:column;justify-content:flex-start;align-items:stretch;flex-wrap:nowrap;}}@media all and (max-width: 1024px){.kt-row-column-wrap > .kadence-column7878_366bc6-a9{align-self:flex-start;}}@media all and (max-width: 1024px){.kt-inner-column-height-full:not(.kt-has-1-columns) > .wp-block-kadence-column.kadence-column7878_366bc6-a9{align-self:auto;}}@media all and (max-width: 1024px){.kt-inner-column-height-full:not(.kt-has-1-columns) > .wp-block-kadence-column.kadence-column7878_366bc6-a9 > .kt-inside-inner-col{flex-direction:column;justify-content:flex-start;}}@media all and (max-width: 1024px){.wp-block-kadence-column.kb-section-dir-horizontal.kadence-column7878_366bc6-a9 > .kt-inside-inner-col > *{-webkit-flex:unset;flex:unset;}}@media all and (max-width: 1024px){.wp-block-kadence-column.kb-section-dir-horizontal.kadence-column7878_366bc6-a9 > .kt-inside-inner-col > .wp-block-kadence-infobox{align-self:unset;}}@media all and (max-width: 767px){.kadence-column7878_366bc6-a9 > .kt-inside-inner-col{row-gap:var(--global-kb-gap-sm, 1rem);flex-direction:column;justify-content:flex-start;align-items:stretch;}.kt-row-column-wrap > .kadence-column7878_366bc6-a9{align-self:flex-start;}.kt-inner-column-height-full:not(.kt-has-1-columns) > .wp-block-kadence-column.kadence-column7878_366bc6-a9{align-self:auto;}.kt-inner-column-height-full:not(.kt-has-1-columns) > .wp-block-kadence-column.kadence-column7878_366bc6-a9 > .kt-inside-inner-col{flex-direction:column;justify-content:flex-start;}}<\/style>\n<div class=\"wp-block-kadence-column kadence-column7878_366bc6-a9 kb-section-dir-horizontal kb-section-md-dir-vertical kb-section-sm-dir-vertical\"><div class=\"kt-inside-inner-col\"><style>.kadence-column7878_e2377e-ce > .kt-inside-inner-col{display:flex;}.kadence-column7878_e2377e-ce, .wp-block-kadence-column.kb-section-dir-horizontal > .kt-inside-inner-col > .kadence-column7878_e2377e-ce{flex-grow:1;}.kadence-column7878_e2377e-ce > .kt-inside-inner-col{height:100%;}.kadence-column7878_e2377e-ce > .kt-inside-inner-col{padding-top:var(--global-kb-spacing-sm, 1.5rem);padding-right:var(--global-kb-spacing-sm, 1.5rem);padding-bottom:var(--global-kb-spacing-sm, 1.5rem);padding-left:var(--global-kb-spacing-sm, 1.5rem);}.kadence-column7878_e2377e-ce > .kt-inside-inner-col,.kadence-column7878_e2377e-ce > .kt-inside-inner-col:before{border-top-left-radius:15px;border-top-right-radius:15px;border-bottom-right-radius:15px;border-bottom-left-radius:15px;}.kadence-column7878_e2377e-ce > .kt-inside-inner-col{column-gap:var(--global-kb-gap-sm, 1rem);}.kadence-column7878_e2377e-ce > .kt-inside-inner-col{flex-direction:column;justify-content:center;}.kadence-column7878_e2377e-ce > .kt-inside-inner-col > .aligncenter{width:100%;}.kt-row-column-wrap > .kadence-column7878_e2377e-ce{align-self:center;}.kt-inner-column-height-full:not(.kt-has-1-columns) > .wp-block-kadence-column.kadence-column7878_e2377e-ce{align-self:auto;}.kt-inner-column-height-full:not(.kt-has-1-columns) > .wp-block-kadence-column.kadence-column7878_e2377e-ce > .kt-inside-inner-col{flex-direction:column;justify-content:center;}.kadence-column7878_e2377e-ce > .kt-inside-inner-col{background-color:var(--global-palette8, #F7FAFC);background-image:url('https:\/\/afaandujar.org\/alzheimerdeandujar\/wp-content\/uploads\/2024\/07\/Example-Background-Image.jpg');background-size:cover;background-position:center center;background-attachment:scroll;background-repeat:no-repeat;}.kadence-column7878_e2377e-ce > .kt-inside-inner-col:before{opacity:0.85;background-color:var(--global-palette9, #ffffff);}.kadence-column7878_e2377e-ce{position:relative;}@media all and (max-width: 1024px){.kadence-column7878_e2377e-ce > .kt-inside-inner-col{height:100%;flex-direction:column;justify-content:center;}}@media all and (max-width: 1024px){.kt-row-column-wrap > .kadence-column7878_e2377e-ce{align-self:center;}}@media all and (max-width: 1024px){.kt-inner-column-height-full:not(.kt-has-1-columns) > .wp-block-kadence-column.kadence-column7878_e2377e-ce{align-self:auto;}}@media all and (max-width: 1024px){.kt-inner-column-height-full:not(.kt-has-1-columns) > .wp-block-kadence-column.kadence-column7878_e2377e-ce > .kt-inside-inner-col{flex-direction:column;justify-content:center;}}@media all and (max-width: 767px){.kt-row-column-wrap > .kadence-column7878_e2377e-ce{align-self:center;}.kt-inner-column-height-full:not(.kt-has-1-columns) > .wp-block-kadence-column.kadence-column7878_e2377e-ce{align-self:auto;}.kt-inner-column-height-full:not(.kt-has-1-columns) > .wp-block-kadence-column.kadence-column7878_e2377e-ce > .kt-inside-inner-col{flex-direction:column;justify-content:center;}.kadence-column7878_e2377e-ce > .kt-inside-inner-col{flex-direction:column;justify-content:center;}}<\/style>\n<div class=\"wp-block-kadence-column kadence-column7878_e2377e-ce kb-section-has-overlay\"><div class=\"kt-inside-inner-col\"><style>.wp-block-kadence-advancedheading.kt-adv-heading7878_a0269f-3c, .wp-block-kadence-advancedheading.kt-adv-heading7878_a0269f-3c[data-kb-block=\"kb-adv-heading7878_a0269f-3c\"]{margin-top:0px;margin-bottom:0px;font-size:var(--global-kb-font-size-md, 1.25rem);line-height:1.2;font-style:normal;}.wp-block-kadence-advancedheading.kt-adv-heading7878_a0269f-3c mark.kt-highlight, .wp-block-kadence-advancedheading.kt-adv-heading7878_a0269f-3c[data-kb-block=\"kb-adv-heading7878_a0269f-3c\"] mark.kt-highlight{font-style:normal;color:#f76a0c;-webkit-box-decoration-break:clone;box-decoration-break:clone;padding-top:0px;padding-right:0px;padding-bottom:0px;padding-left:0px;}.wp-block-kadence-advancedheading.kt-adv-heading7878_a0269f-3c img.kb-inline-image, .wp-block-kadence-advancedheading.kt-adv-heading7878_a0269f-3c[data-kb-block=\"kb-adv-heading7878_a0269f-3c\"] img.kb-inline-image{width:150px;vertical-align:baseline;}@media all and (max-width: 1024px){.wp-block-kadence-advancedheading.kt-adv-heading7878_a0269f-3c, .wp-block-kadence-advancedheading.kt-adv-heading7878_a0269f-3c[data-kb-block=\"kb-adv-heading7878_a0269f-3c\"]{font-size:var(--global-kb-font-size-md, 1.25rem);text-align:left!important;}}<\/style>\n<p class=\"kt-adv-heading7878_a0269f-3c wp-block-kadence-advancedheading has-theme-palette-4-color has-text-color\" data-kb-block=\"kb-adv-heading7878_a0269f-3c\">En la Asociaci\u00f3n realizamos talleres de distintas \u00e1reas, como psicolog\u00eda, fisioterapia, logopedia y trabajo social.<\/p>\n<\/div><\/div>\n\n\n<style>.kadence-column7878_061a64-6d, .wp-block-kadence-column.kb-section-dir-horizontal > .kt-inside-inner-col > .kadence-column7878_061a64-6d{flex-grow:1;}.kadence-column7878_061a64-6d > .kt-inside-inner-col{height:100%;}.kadence-column7878_061a64-6d > .kt-inside-inner-col{padding-top:var(--global-kb-spacing-sm, 1.5rem);padding-right:var(--global-kb-spacing-sm, 1.5rem);padding-bottom:var(--global-kb-spacing-sm, 1.5rem);padding-left:var(--global-kb-spacing-sm, 1.5rem);}.kadence-column7878_061a64-6d > .kt-inside-inner-col{min-height:140px;}.kadence-column7878_061a64-6d > .kt-inside-inner-col,.kadence-column7878_061a64-6d > .kt-inside-inner-col:before{border-top-left-radius:15px;border-top-right-radius:15px;border-bottom-right-radius:15px;border-bottom-left-radius:15px;}.kadence-column7878_061a64-6d > .kt-inside-inner-col{column-gap:var(--global-kb-gap-sm, 1rem);}.kadence-column7878_061a64-6d > .kt-inside-inner-col{flex-direction:column;}.kadence-column7878_061a64-6d > .kt-inside-inner-col > .aligncenter{width:100%;}.kadence-column7878_061a64-6d > .kt-inside-inner-col{background-color:var(--global-palette9, #ffffff);background-image:url('https:\/\/afaandujar.org\/alzheimerdeandujar\/wp-content\/uploads\/2024\/07\/WhatsApp-Image-2024-05-15-at-12.04.48-2.jpeg');background-size:cover;background-position:center center;background-attachment:scroll;background-repeat:no-repeat;}.kadence-column7878_061a64-6d > .kt-inside-inner-col:before{opacity:0.1;background-color:var(--global-palette1, #3182CE);}.kadence-column7878_061a64-6d{position:relative;}@media all and (max-width: 1024px){.kadence-column7878_061a64-6d > .kt-inside-inner-col{flex-direction:column;justify-content:center;}}@media all and (max-width: 767px){.kadence-column7878_061a64-6d > .kt-inside-inner-col{flex-direction:column;justify-content:center;}}<\/style>\n<div class=\"wp-block-kadence-column kadence-column7878_061a64-6d kb-section-has-overlay\"><div class=\"kt-inside-inner-col\"><\/div><\/div>\n<\/div><\/div>\n<\/div><\/div>\n\n\n<style>.kadence-column7878_83847b-8c > .kt-inside-inner-col{min-height:300px;}.kadence-column7878_83847b-8c > .kt-inside-inner-col,.kadence-column7878_83847b-8c > .kt-inside-inner-col:before{border-top-left-radius:15px;border-top-right-radius:15px;border-bottom-right-radius:15px;border-bottom-left-radius:15px;}.kadence-column7878_83847b-8c > .kt-inside-inner-col{column-gap:var(--global-kb-gap-sm, 1rem);}.kadence-column7878_83847b-8c > .kt-inside-inner-col{flex-direction:column;}.kadence-column7878_83847b-8c > .kt-inside-inner-col > .aligncenter{width:100%;}.kadence-column7878_83847b-8c > .kt-inside-inner-col{background-image:url('https:\/\/afaandujar.org\/alzheimerdeandujar\/wp-content\/uploads\/2024\/07\/IMG_0863-scaled.jpg');background-size:cover;background-position:20% 50%;background-attachment:scroll;background-repeat:no-repeat;}.kadence-column7878_83847b-8c > .kt-inside-inner-col:before{opacity:0.3;}.kadence-column7878_83847b-8c{position:relative;}@media all and (max-width: 1024px){.kadence-column7878_83847b-8c > .kt-inside-inner-col{flex-direction:column;justify-content:center;}}@media all and (max-width: 767px){.kadence-column7878_83847b-8c > .kt-inside-inner-col{flex-direction:column;justify-content:center;}}<\/style>\n<div class=\"wp-block-kadence-column kadence-column7878_83847b-8c\"><div class=\"kt-inside-inner-col\"><\/div><\/div>\n\n<\/div><\/div><\/div><\/div>\n\n\n\n<p><\/p>\n","protected":false},"excerpt":{"rendered":"<p>Es una iniciativa propuesta para aquellas personas cuidadoras que se hacen cargo de la atenci\u00f3n y cuidado de su familiar, con el fin de desarrollar habilidades para el mejor cuidado y capacidades para afrontar estas situaciones cotidianas que conlleva convivir y cuidar de una persona con la enfermedad de Alzheimer, as\u00ed como comprender los problemas&#8230;<\/p>\n","protected":false},"author":1,"featured_media":0,"parent":0,"menu_order":0,"comment_status":"closed","ping_status":"closed","template":"","meta":{"give_campaign_id":0,"_kadence_starter_templates_imported_post":false,"_kad_post_transparent":"","_kad_post_title":"default","_kad_post_layout":"normal","_kad_post_sidebar_id":"","_kad_post_content_style":"","_kad_post_vertical_padding":"","_kad_post_feature":"","_kad_post_feature_position":"","_kad_post_header":false,"_kad_post_footer":false,"_kad_post_classname":"","footnotes":""},"class_list":["post-7878","page","type-page","status-publish","hentry"],"campaignId":"","_links":{"self":[{"href":"https:\/\/afaandujar.org\/alzheimerdeandujar\/wp-json\/wp\/v2\/pages\/7878","targetHints":{"allow":["GET"]}}],"collection":[{"href":"https:\/\/afaandujar.org\/alzheimerdeandujar\/wp-json\/wp\/v2\/pages"}],"about":[{"href":"https:\/\/afaandujar.org\/alzheimerdeandujar\/wp-json\/wp\/v2\/types\/page"}],"author":[{"embeddable":true,"href":"https:\/\/afaandujar.org\/alzheimerdeandujar\/wp-json\/wp\/v2\/users\/1"}],"replies":[{"embeddable":true,"href":"https:\/\/afaandujar.org\/alzheimerdeandujar\/wp-json\/wp\/v2\/comments?post=7878"}],"version-history":[{"count":17,"href":"https:\/\/afaandujar.org\/alzheimerdeandujar\/wp-json\/wp\/v2\/pages\/7878\/revisions"}],"predecessor-version":[{"id":8946,"href":"https:\/\/afaandujar.org\/alzheimerdeandujar\/wp-json\/wp\/v2\/pages\/7878\/revisions\/8946"}],"wp:attachment":[{"href":"https:\/\/afaandujar.org\/alzheimerdeandujar\/wp-json\/wp\/v2\/media?parent=7878"}],"curies":[{"name":"wp","href":"https:\/\/api.w.org\/{rel}","templated":true}]}}